{"id":10386,"date":"2022-04-23T09:18:21","date_gmt":"2022-04-23T09:18:21","guid":{"rendered":"https:\/\/www.wiggentech.com\/request-for-quotation\/"},"modified":"2023-01-20T08:52:30","modified_gmt":"2023-01-20T08:52:30","slug":"request-for-quotation","status":"publish","type":"page","link":"https:\/\/www.wiggentech.com\/en\/request-for-quotation\/","title":{"rendered":"Request for quotation"},"content":{"rendered":"\t\t<div data-elementor-type=\"wp-page\" data-elementor-id=\"10386\" class=\"elementor elementor-10386\" data-elementor-post-type=\"page\">\n\t\t\t\t\t\t<section class=\"elementor-section elementor-top-section elementor-element elementor-element-b5afe30 elementor-section-full_width cust-home-slider-shape elementor-section-height-default elementor-section-height-default\" data-id=\"b5afe30\" data-element_type=\"section\" data-e-type=\"section\">\n\t\t\t\t\t\t<div class=\"elementor-container elementor-column-gap-default\">\n\t\t\t\t\t<div class=\"elementor-column elementor-col-100 elementor-top-column elementor-element elementor-element-e810a02\" data-id=\"e810a02\" data-element_type=\"column\" data-e-type=\"column\">\n\t\t\t<div class=\"elementor-widget-wrap elementor-element-populated\">\n\t\t\t\t\t\t<div class=\"elementor-element elementor-element-9a51838 elementor--h-position-center elementor--v-position-middle elementor-pagination-position-inside elementor-widget elementor-widget-global elementor-global-7446 elementor-widget-slides\" data-id=\"9a51838\" data-element_type=\"widget\" data-e-type=\"widget\" data-settings=\"{&quot;navigation&quot;:&quot;dots&quot;,&quot;autoplay&quot;:&quot;yes&quot;,&quot;pause_on_interaction&quot;:&quot;yes&quot;,&quot;autoplay_speed&quot;:5000,&quot;infinite&quot;:&quot;yes&quot;,&quot;transition&quot;:&quot;slide&quot;,&quot;transition_speed&quot;:500}\" data-widget_type=\"slides.default\">\n\t\t\t\t<div class=\"elementor-widget-container\">\n\t\t\t\t\t\t\t\t\t<div class=\"elementor-swiper\">\n\t\t\t\t\t<div class=\"elementor-slides-wrapper elementor-main-swiper swiper\" role=\"region\" aria-roledescription=\"carousel\" aria-label=\"Slides\" dir=\"ltr\" data-animation=\"fadeInUp\">\n\t\t\t\t<div class=\"swiper-wrapper elementor-slides\">\n\t\t\t\t\t\t\t\t\t\t<div class=\"elementor-repeater-item-3c5bf39 swiper-slide\" role=\"group\" aria-roledescription=\"slide\"><div class=\"swiper-slide-bg\" role=\"img\" aria-label=\"IMG_0253\"><\/div><div class=\"elementor-background-overlay\"><\/div><div class=\"swiper-slide-inner\" ><div class=\"swiper-slide-contents\"><\/div><\/div><\/div><div class=\"elementor-repeater-item-a607f7a swiper-slide\" role=\"group\" aria-roledescription=\"slide\"><div class=\"swiper-slide-bg\" role=\"img\" aria-label=\"IMG_0285\"><\/div><div class=\"elementor-background-overlay\"><\/div><div class=\"swiper-slide-inner\" ><div class=\"swiper-slide-contents\"><\/div><\/div><\/div>\t\t\t\t<\/div>\n\t\t\t\t\t\t\t\t\t\t\t\t\t\t\t\t\t\t\t\t<div class=\"swiper-pagination\"><\/div>\n\t\t\t\t\t\t\t\t\t\t\t\t<\/div>\n\t\t\t\t<\/div>\n\t\t\t\t\t\t\t\t<\/div>\n\t\t\t\t<\/div>\n\t\t\t\t\t<\/div>\n\t\t<\/div>\n\t\t\t\t\t<\/div>\n\t\t<\/section>\n\t\t\t\t<section class=\"elementor-section elementor-top-section elementor-element elementor-element-7459903 elementor-section-full_width cust-home-slider-text elementor-section-height-default elementor-section-height-default\" data-id=\"7459903\" data-element_type=\"section\" data-e-type=\"section\">\n\t\t\t\t\t\t<div class=\"elementor-container elementor-column-gap-default\">\n\t\t\t\t\t<div class=\"elementor-column elementor-col-100 elementor-top-column elementor-element elementor-element-5d8c19b\" data-id=\"5d8c19b\" data-element_type=\"column\" data-e-type=\"column\">\n\t\t\t<div class=\"elementor-widget-wrap elementor-element-populated\">\n\t\t\t\t\t\t<div class=\"elementor-element elementor-element-c376efd elementor-absolute elementor-widget__width-initial elementor--h-position-center elementor--v-position-middle elementor-widget elementor-widget-global elementor-global-7449 elementor-widget-slides\" data-id=\"c376efd\" data-element_type=\"widget\" data-e-type=\"widget\" data-settings=\"{&quot;navigation&quot;:&quot;none&quot;,&quot;_position&quot;:&quot;absolute&quot;,&quot;autoplay&quot;:&quot;yes&quot;,&quot;autoplay_speed&quot;:5000,&quot;infinite&quot;:&quot;yes&quot;,&quot;transition&quot;:&quot;slide&quot;,&quot;transition_speed&quot;:500}\" data-widget_type=\"slides.default\">\n\t\t\t\t<div class=\"elementor-widget-container\">\n\t\t\t\t\t\t\t\t\t<div class=\"elementor-swiper\">\n\t\t\t\t\t<div class=\"elementor-slides-wrapper elementor-main-swiper swiper\" role=\"region\" aria-roledescription=\"carousel\" aria-label=\"Slides\" dir=\"ltr\" data-animation=\"fadeInUp\">\n\t\t\t\t<div class=\"swiper-wrapper elementor-slides\">\n\t\t\t\t\t\t\t\t\t\t<div class=\"elementor-repeater-item-3c5bf39 swiper-slide\" role=\"group\" aria-roledescription=\"slide\"><div class=\"swiper-slide-bg\"><\/div><div class=\"swiper-slide-inner\" ><div class=\"swiper-slide-contents\"><div class=\"elementor-slide-heading\">Pr\u00e4zisionsarbeit mit h\u00f6chstem Anspruch<\/div><\/div><\/div><\/div><div class=\"elementor-repeater-item-0192ad2 swiper-slide\" role=\"group\" aria-roledescription=\"slide\"><div class=\"swiper-slide-bg\"><\/div><div class=\"swiper-slide-inner\" ><div class=\"swiper-slide-contents\"><div class=\"elementor-slide-heading\">Verbindungselemente \"Made in Germany\"<\/div><\/div><\/div><\/div><div class=\"elementor-repeater-item-74f2bdf swiper-slide\" role=\"group\" aria-roledescription=\"slide\"><div class=\"swiper-slide-bg\"><\/div><div class=\"swiper-slide-inner\" ><div class=\"swiper-slide-contents\"><div class=\"elementor-slide-heading\">Pr\u00e4zisionsdrehteile ohne Kompromisse<\/div><\/div><\/div><\/div><div class=\"elementor-repeater-item-dfb38ff swiper-slide\" role=\"group\" aria-roledescription=\"slide\"><div class=\"swiper-slide-bg\"><\/div><div class=\"swiper-slide-inner\" ><div class=\"swiper-slide-contents\"><div class=\"elementor-slide-heading\">Unsere Leidenschaft und Leistung sind Ihr Mehrwert<\/div><\/div><\/div><\/div><div class=\"elementor-repeater-item-e889f52 swiper-slide\" role=\"group\" aria-roledescription=\"slide\"><div class=\"swiper-slide-bg\"><\/div><div class=\"swiper-slide-inner\" ><div class=\"swiper-slide-contents\"><div class=\"elementor-slide-heading\">Wir setzen Ma\u00dfst\u00e4be in Zuverl\u00e4ssigkeit und Lieferf\u00e4higkeit<\/div><\/div><\/div><\/div>\t\t\t\t<\/div>\n\t\t\t\t\t\t\t\t\t\t\t\t\t\t\t\t\t\t\t\t\t<\/div>\n\t\t\t\t<\/div>\n\t\t\t\t\t\t\t\t<\/div>\n\t\t\t\t<\/div>\n\t\t\t\t\t<\/div>\n\t\t<\/div>\n\t\t\t\t\t<\/div>\n\t\t<\/section>\n\t\t\t\t<section class=\"elementor-section elementor-top-section elementor-element elementor-element-576c73f cust-angebots elementor-section-boxed elementor-section-height-default elementor-section-height-default\" data-id=\"576c73f\" data-element_type=\"section\" data-e-type=\"section\" id=\"mehr\">\n\t\t\t\t\t\t<div class=\"elementor-container elementor-column-gap-no\">\n\t\t\t\t\t<div class=\"elementor-column elementor-col-100 elementor-top-column elementor-element elementor-element-3d010d7\" data-id=\"3d010d7\" data-element_type=\"column\" data-e-type=\"column\">\n\t\t\t<div class=\"elementor-widget-wrap elementor-element-populated\">\n\t\t\t\t\t\t<div class=\"elementor-element elementor-element-95444c9 elementor-widget elementor-widget-heading\" data-id=\"95444c9\" data-element_type=\"widget\" data-e-type=\"widget\" data-widget_type=\"heading.default\">\n\t\t\t\t<div class=\"elementor-widget-container\">\n\t\t\t\t\t<h2 class=\"elementor-heading-title elementor-size-default\">Inquiry form<\/h2>\t\t\t\t<\/div>\n\t\t\t\t<\/div>\n\t\t\t\t<div class=\"elementor-element elementor-element-f7a809d elementor-widget elementor-widget-text-editor\" data-id=\"f7a809d\" data-element_type=\"widget\" data-e-type=\"widget\" data-widget_type=\"text-editor.default\">\n\t\t\t\t<div class=\"elementor-widget-container\">\n\t\t\t\t\t\t\t\t\t<p>We would like to make it as easy as possible for you to contact us. You can use the form below to submit the information relevant to the quote calculation directly to us. We will contact you as soon as possible.<\/p>\n\t\t\t\t\t\t\t\t<\/div>\n\t\t\t\t<\/div>\n\t\t\t\t<div class=\"elementor-element elementor-element-8ad91f3 elementor-button-align-end elementor-widget elementor-widget-form\" data-id=\"8ad91f3\" data-element_type=\"widget\" data-e-type=\"widget\" data-settings=\"{&quot;step_next_label&quot;:&quot;Next&quot;,&quot;step_previous_label&quot;:&quot;Previous&quot;,&quot;button_width&quot;:&quot;100&quot;,&quot;step_type&quot;:&quot;number_text&quot;,&quot;step_icon_shape&quot;:&quot;circle&quot;}\" data-widget_type=\"form.default\">\n\t\t\t\t<div class=\"elementor-widget-container\">\n\t\t\t\t\t\t\t<form class=\"elementor-form\" method=\"post\" name=\"New form\" aria-label=\"New form\">\n\t\t\t<input type=\"hidden\" name=\"post_id\" value=\"10386\"\/>\n\t\t\t<input type=\"hidden\" name=\"form_id\" value=\"8ad91f3\"\/>\n\t\t\t<input type=\"hidden\" name=\"referer_title\" value=\"Wiggentech GmbH\" \/>\n\n\t\t\t\n\t\t\t<div class=\"elementor-form-fields-wrapper elementor-labels-above\">\n\t\t\t\t\t\t\t\t<div class=\"elementor-field-type-text elementor-field-group elementor-column elementor-field-group-field_048786b elementor-col-50 elementor-field-required elementor-mark-required\">\n\t\t\t\t\t\t\t\t\t\t\t\t<label for=\"form-field-field_048786b\" class=\"elementor-field-label\">\n\t\t\t\t\t\t\t\tFirst name\t\t\t\t\t\t\t<\/label>\n\t\t\t\t\t\t\t\t\t\t\t\t\t\t<input size=\"1\" type=\"text\" name=\"form_fields[field_048786b]\" id=\"form-field-field_048786b\" class=\"elementor-field elementor-size-md  elementor-field-textual\" placeholder=\"First name\" required=\"required\">\n\t\t\t\t\t\t\t\t\t\t\t<\/div>\n\t\t\t\t\t\t\t\t<div class=\"elementor-field-type-text elementor-field-group elementor-column elementor-field-group-field_5622094 elementor-col-50 elementor-field-required elementor-mark-required\">\n\t\t\t\t\t\t\t\t\t\t\t\t<label for=\"form-field-field_5622094\" class=\"elementor-field-label\">\n\t\t\t\t\t\t\t\tLast name\t\t\t\t\t\t\t<\/label>\n\t\t\t\t\t\t\t\t\t\t\t\t\t\t<input size=\"1\" type=\"text\" name=\"form_fields[field_5622094]\" id=\"form-field-field_5622094\" class=\"elementor-field elementor-size-md  elementor-field-textual\" placeholder=\"Last name\" required=\"required\">\n\t\t\t\t\t\t\t\t\t\t\t<\/div>\n\t\t\t\t\t\t\t\t<div class=\"elementor-field-type-email elementor-field-group elementor-column elementor-field-group-field_4445be2 elementor-col-50 elementor-field-required elementor-mark-required\">\n\t\t\t\t\t\t\t\t\t\t\t\t<label for=\"form-field-field_4445be2\" class=\"elementor-field-label\">\n\t\t\t\t\t\t\t\tE-mail\t\t\t\t\t\t\t<\/label>\n\t\t\t\t\t\t\t\t\t\t\t\t\t\t<input size=\"1\" type=\"email\" name=\"form_fields[field_4445be2]\" id=\"form-field-field_4445be2\" class=\"elementor-field elementor-size-md  elementor-field-textual\" placeholder=\"E-mail\" required=\"required\">\n\t\t\t\t\t\t\t\t\t\t\t<\/div>\n\t\t\t\t\t\t\t\t<div class=\"elementor-field-type-tel elementor-field-group elementor-column elementor-field-group-field_a0afdb6 elementor-col-50\">\n\t\t\t\t\t\t\t\t\t\t\t\t<label for=\"form-field-field_a0afdb6\" class=\"elementor-field-label\">\n\t\t\t\t\t\t\t\tPhone\t\t\t\t\t\t\t<\/label>\n\t\t\t\t\t\t\t\t<input size=\"1\" type=\"tel\" name=\"form_fields[field_a0afdb6]\" id=\"form-field-field_a0afdb6\" class=\"elementor-field elementor-size-md  elementor-field-textual\" placeholder=\"Phone\" pattern=\"[0-9()#&amp;+*-=.]+\" title=\"Only numbers and phone characters (#, -, *, etc) are accepted.\">\n\n\t\t\t\t\t\t<\/div>\n\t\t\t\t\t\t\t\t<div class=\"elementor-field-type-text elementor-field-group elementor-column elementor-field-group-field_60d47ea elementor-col-50\">\n\t\t\t\t\t\t\t\t\t\t\t\t<label for=\"form-field-field_60d47ea\" class=\"elementor-field-label\">\n\t\t\t\t\t\t\t\tOrder quantity\t\t\t\t\t\t\t<\/label>\n\t\t\t\t\t\t\t\t\t\t\t\t\t\t<input size=\"1\" type=\"text\" name=\"form_fields[field_60d47ea]\" id=\"form-field-field_60d47ea\" class=\"elementor-field elementor-size-md  elementor-field-textual\" placeholder=\"Order quantity\">\n\t\t\t\t\t\t\t\t\t\t\t<\/div>\n\t\t\t\t\t\t\t\t<div class=\"elementor-field-type-text elementor-field-group elementor-column elementor-field-group-field_1a00449 elementor-col-50\">\n\t\t\t\t\t\t\t\t\t\t\t\t<label for=\"form-field-field_1a00449\" class=\"elementor-field-label\">\n\t\t\t\t\t\t\t\tDelivery lot in piece\t\t\t\t\t\t\t<\/label>\n\t\t\t\t\t\t\t\t\t\t\t\t\t\t<input size=\"1\" type=\"text\" name=\"form_fields[field_1a00449]\" id=\"form-field-field_1a00449\" class=\"elementor-field elementor-size-md  elementor-field-textual\" placeholder=\"Delivery lot in piece\">\n\t\t\t\t\t\t\t\t\t\t\t<\/div>\n\t\t\t\t\t\t\t\t<div class=\"elementor-field-type-date elementor-field-group elementor-column elementor-field-group-field_ff4c6b0 elementor-col-50\">\n\t\t\t\t\t\t\t\t\t\t\t\t<label for=\"form-field-field_ff4c6b0\" class=\"elementor-field-label\">\n\t\t\t\t\t\t\t\tFirst delivery date\t\t\t\t\t\t\t<\/label>\n\t\t\t\t\t\t\n\t\t<input type=\"date\" name=\"form_fields[field_ff4c6b0]\" id=\"form-field-field_ff4c6b0\" class=\"elementor-field elementor-size-md  elementor-field-textual elementor-date-field\" placeholder=\"First delivery date\" pattern=\"[0-9]{4}-[0-9]{2}-[0-9]{2}\">\n\t\t\t\t\t\t<\/div>\n\t\t\t\t\t\t\t\t<div class=\"elementor-field-type-text elementor-field-group elementor-column elementor-field-group-field_5858d37 elementor-col-50\">\n\t\t\t\t\t\t\t\t\t\t\t\t<label for=\"form-field-field_5858d37\" class=\"elementor-field-label\">\n\t\t\t\t\t\t\t\tTarget price (please specify unit)\t\t\t\t\t\t\t<\/label>\n\t\t\t\t\t\t\t\t\t\t\t\t\t\t<input size=\"1\" type=\"text\" name=\"form_fields[field_5858d37]\" id=\"form-field-field_5858d37\" class=\"elementor-field elementor-size-md  elementor-field-textual\" placeholder=\"Target price (please specify unit)\">\n\t\t\t\t\t\t\t\t\t\t\t<\/div>\n\t\t\t\t\t\t\t\t<div class=\"elementor-field-type-textarea elementor-field-group elementor-column elementor-field-group-field_dfe3e8f elementor-col-100\">\n\t\t\t\t\t\t\t\t\t\t\t\t<label for=\"form-field-field_dfe3e8f\" class=\"elementor-field-label\">\n\t\t\t\t\t\t\t\tOther information\t\t\t\t\t\t\t<\/label>\n\t\t\t\t\t\t<textarea class=\"elementor-field-textual elementor-field  elementor-size-md\" name=\"form_fields[field_dfe3e8f]\" id=\"form-field-field_dfe3e8f\" rows=\"4\"><\/textarea>\t\t\t\t<\/div>\n\t\t\t\t\t\t\t\t<div class=\"elementor-field-type-upload elementor-field-group elementor-column elementor-field-group-field_bc93907 elementor-col-100\">\n\t\t\t\t\t\t\t\t\t\t\t\t<label for=\"form-field-field_bc93907\" class=\"elementor-field-label\">\n\t\t\t\t\t\t\t\tUpload confidentiality agreement\t\t\t\t\t\t\t<\/label>\n\t\t\t\t\t\t\t\t<input type=\"file\" name=\"form_fields[field_bc93907][]\" id=\"form-field-field_bc93907\" class=\"elementor-field elementor-size-md  elementor-upload-field\" multiple=\"multiple\" data-maxsize=\"10\" data-maxsize-message=\"This file exceeds the maximum allowed size.\">\n\n\t\t\t\t\t\t<\/div>\n\t\t\t\t\t\t\t\t<div class=\"elementor-field-type-upload elementor-field-group elementor-column elementor-field-group-field_7e1ed43 elementor-col-100\">\n\t\t\t\t\t\t\t\t\t\t\t\t<label for=\"form-field-field_7e1ed43\" class=\"elementor-field-label\">\n\t\t\t\t\t\t\t\tUpload drawings\t\t\t\t\t\t\t<\/label>\n\t\t\t\t\t\t\t\t<input type=\"file\" name=\"form_fields[field_7e1ed43][]\" id=\"form-field-field_7e1ed43\" class=\"elementor-field elementor-size-md  elementor-upload-field\" multiple=\"multiple\" data-maxsize=\"10\" data-maxsize-message=\"This file exceeds the maximum allowed size.\">\n\n\t\t\t\t\t\t<\/div>\n\t\t\t\t\t\t\t\t<div class=\"elementor-field-type-upload elementor-field-group elementor-column elementor-field-group-field_260ecfc elementor-col-100\">\n\t\t\t\t\t\t\t\t\t\t\t\t<label for=\"form-field-field_260ecfc\" class=\"elementor-field-label\">\n\t\t\t\t\t\t\t\tUpload more data\t\t\t\t\t\t\t<\/label>\n\t\t\t\t\t\t\t\t<input type=\"file\" name=\"form_fields[field_260ecfc][]\" id=\"form-field-field_260ecfc\" class=\"elementor-field elementor-size-md  elementor-upload-field\" multiple=\"multiple\">\n\n\t\t\t\t\t\t<\/div>\n\t\t\t\t\t\t\t\t<div class=\"elementor-field-type-text\">\n\t\t\t\t\t<input size=\"1\" type=\"text\" name=\"form_fields[field_8c9237b]\" id=\"form-field-field_8c9237b\" class=\"elementor-field elementor-size-md \" style=\"display:none !important;\">\t\t\t\t<\/div>\n\t\t\t\t\t\t\t\t<div class=\"elementor-field-group elementor-column elementor-field-type-submit elementor-col-100 e-form__buttons\">\n\t\t\t\t\t<button class=\"elementor-button elementor-size-lg\" type=\"submit\">\n\t\t\t\t\t\t<span class=\"elementor-button-content-wrapper\">\n\t\t\t\t\t\t\t\t\t\t\t\t\t\t\t\t\t\t\t\t\t\t<span class=\"elementor-button-text\">Send<\/span>\n\t\t\t\t\t\t\t\t\t\t\t\t\t<\/span>\n\t\t\t\t\t<\/button>\n\t\t\t\t<\/div>\n\t\t\t<\/div>\n\t\t<\/form>\n\t\t\t\t\t\t<\/div>\n\t\t\t\t<\/div>\n\t\t\t\t\t<\/div>\n\t\t<\/div>\n\t\t\t\t\t<\/div>\n\t\t<\/section>\n\t\t\t\t<section class=\"elementor-section elementor-top-section elementor-element elementor-element-8552c38 elementor-section-boxed elementor-section-height-default elementor-section-height-default\" data-id=\"8552c38\" data-element_type=\"section\" data-e-type=\"section\">\n\t\t\t\t\t\t<div class=\"elementor-container elementor-column-gap-default\">\n\t\t\t\t\t<div class=\"elementor-column elementor-col-100 elementor-top-column elementor-element elementor-element-34503e0\" data-id=\"34503e0\" data-element_type=\"column\" data-e-type=\"column\">\n\t\t\t<div class=\"elementor-widget-wrap\">\n\t\t\t\t\t\t\t<\/div>\n\t\t<\/div>\n\t\t\t\t\t<\/div>\n\t\t<\/section>\n\t\t\t\t<\/div>\n\t\t","protected":false},"excerpt":{"rendered":"<p>Pr\u00e4zisionsarbeit mit h\u00f6chstem AnspruchVerbindungselemente &#8220;Made in Germany&#8221;Pr\u00e4zisionsdrehteile ohne KompromisseUnsere Leidenschaft und Leistung sind Ihr MehrwertWir setzen Ma\u00dfst\u00e4be in Zuverl\u00e4ssigkeit und Lieferf\u00e4higkeit Inquiry form We would like to make it as easy as possible for you to contact us. You can use the form below to submit the information relevant to the quote calculation directly to [&hellip;]<\/p>\n","protected":false},"author":1,"featured_media":0,"parent":0,"menu_order":0,"comment_status":"closed","ping_status":"closed","template":"","meta":{"inline_featured_image":false,"footnotes":""},"class_list":["post-10386","page","type-page","status-publish","hentry"],"yoast_head":"<!-- This site is optimized with the Yoast SEO plugin v27.2 - https:\/\/yoast.com\/product\/yoast-seo-wordpress\/ -->\n<title>Request for quotation - Wiggentech GmbH<\/title>\n<meta name=\"robots\" content=\"index, follow, max-snippet:-1, max-image-preview:large, max-video-preview:-1\" \/>\n<link rel=\"canonical\" href=\"https:\/\/www.wiggentech.com\/angebotsanfragen\/\" \/>\n<meta property=\"og:locale\" content=\"en_US\" \/>\n<meta property=\"og:type\" content=\"article\" \/>\n<meta property=\"og:title\" content=\"Request for quotation - Wiggentech GmbH\" \/>\n<meta property=\"og:description\" content=\"Pr\u00e4zisionsarbeit mit h\u00f6chstem AnspruchVerbindungselemente &#8220;Made in Germany&#8221;Pr\u00e4zisionsdrehteile ohne KompromisseUnsere Leidenschaft und Leistung sind Ihr MehrwertWir setzen Ma\u00dfst\u00e4be in Zuverl\u00e4ssigkeit und Lieferf\u00e4higkeit Inquiry form We would like to make it as easy as possible for you to contact us. You can use the form below to submit the information relevant to the quote calculation directly to [&hellip;]\" \/>\n<meta property=\"og:url\" content=\"https:\/\/www.wiggentech.com\/angebotsanfragen\/\" \/>\n<meta property=\"og:site_name\" content=\"Wiggentech GmbH\" \/>\n<meta property=\"article:modified_time\" content=\"2023-01-20T08:52:30+00:00\" \/>\n<meta name=\"twitter:card\" content=\"summary_large_image\" \/>\n<script type=\"application\/ld+json\" class=\"yoast-schema-graph\">{\"@context\":\"https:\/\/schema.org\",\"@graph\":[{\"@type\":\"WebPage\",\"@id\":\"https:\/\/www.wiggentech.com\/angebotsanfragen\/\",\"url\":\"https:\/\/www.wiggentech.com\/angebotsanfragen\/\",\"name\":\"Request for quotation - Wiggentech GmbH\",\"isPartOf\":{\"@id\":\"https:\/\/www.wiggentech.com\/#website\"},\"datePublished\":\"2022-04-23T09:18:21+00:00\",\"dateModified\":\"2023-01-20T08:52:30+00:00\",\"breadcrumb\":{\"@id\":\"https:\/\/www.wiggentech.com\/angebotsanfragen\/#breadcrumb\"},\"inLanguage\":\"en-US\",\"potentialAction\":[{\"@type\":\"ReadAction\",\"target\":[\"https:\/\/www.wiggentech.com\/angebotsanfragen\/\"]}]},{\"@type\":\"BreadcrumbList\",\"@id\":\"https:\/\/www.wiggentech.com\/angebotsanfragen\/#breadcrumb\",\"itemListElement\":[{\"@type\":\"ListItem\",\"position\":1,\"name\":\"Start\",\"item\":\"https:\/\/www.wiggentech.com\/en\/\"},{\"@type\":\"ListItem\",\"position\":2,\"name\":\"Request for quotation\"}]},{\"@type\":\"WebSite\",\"@id\":\"https:\/\/www.wiggentech.com\/#website\",\"url\":\"https:\/\/www.wiggentech.com\/\",\"name\":\"Wiggentech GmbH\",\"description\":\"\",\"publisher\":{\"@id\":\"https:\/\/www.wiggentech.com\/#organization\"},\"potentialAction\":[{\"@type\":\"SearchAction\",\"target\":{\"@type\":\"EntryPoint\",\"urlTemplate\":\"https:\/\/www.wiggentech.com\/?s={search_term_string}\"},\"query-input\":{\"@type\":\"PropertyValueSpecification\",\"valueRequired\":true,\"valueName\":\"search_term_string\"}}],\"inLanguage\":\"en-US\"},{\"@type\":\"Organization\",\"@id\":\"https:\/\/www.wiggentech.com\/#organization\",\"name\":\"Wiggentech GmbH\",\"url\":\"https:\/\/www.wiggentech.com\/\",\"logo\":{\"@type\":\"ImageObject\",\"inLanguage\":\"en-US\",\"@id\":\"https:\/\/www.wiggentech.com\/#\/schema\/logo\/image\/\",\"url\":\"https:\/\/www.wiggentech.com\/wp-content\/uploads\/2022\/04\/Group-23.svg\",\"contentUrl\":\"https:\/\/www.wiggentech.com\/wp-content\/uploads\/2022\/04\/Group-23.svg\",\"width\":232,\"height\":132,\"caption\":\"Wiggentech GmbH\"},\"image\":{\"@id\":\"https:\/\/www.wiggentech.com\/#\/schema\/logo\/image\/\"}}]}<\/script>\n<!-- \/ Yoast SEO plugin. -->","yoast_head_json":{"title":"Request for quotation - Wiggentech GmbH","robots":{"index":"index","follow":"follow","max-snippet":"max-snippet:-1","max-image-preview":"max-image-preview:large","max-video-preview":"max-video-preview:-1"},"canonical":"https:\/\/www.wiggentech.com\/angebotsanfragen\/","og_locale":"en_US","og_type":"article","og_title":"Request for quotation - Wiggentech GmbH","og_description":"Pr\u00e4zisionsarbeit mit h\u00f6chstem AnspruchVerbindungselemente &#8220;Made in Germany&#8221;Pr\u00e4zisionsdrehteile ohne KompromisseUnsere Leidenschaft und Leistung sind Ihr MehrwertWir setzen Ma\u00dfst\u00e4be in Zuverl\u00e4ssigkeit und Lieferf\u00e4higkeit Inquiry form We would like to make it as easy as possible for you to contact us. You can use the form below to submit the information relevant to the quote calculation directly to [&hellip;]","og_url":"https:\/\/www.wiggentech.com\/angebotsanfragen\/","og_site_name":"Wiggentech GmbH","article_modified_time":"2023-01-20T08:52:30+00:00","twitter_card":"summary_large_image","schema":{"@context":"https:\/\/schema.org","@graph":[{"@type":"WebPage","@id":"https:\/\/www.wiggentech.com\/angebotsanfragen\/","url":"https:\/\/www.wiggentech.com\/angebotsanfragen\/","name":"Request for quotation - Wiggentech GmbH","isPartOf":{"@id":"https:\/\/www.wiggentech.com\/#website"},"datePublished":"2022-04-23T09:18:21+00:00","dateModified":"2023-01-20T08:52:30+00:00","breadcrumb":{"@id":"https:\/\/www.wiggentech.com\/angebotsanfragen\/#breadcrumb"},"inLanguage":"en-US","potentialAction":[{"@type":"ReadAction","target":["https:\/\/www.wiggentech.com\/angebotsanfragen\/"]}]},{"@type":"BreadcrumbList","@id":"https:\/\/www.wiggentech.com\/angebotsanfragen\/#breadcrumb","itemListElement":[{"@type":"ListItem","position":1,"name":"Start","item":"https:\/\/www.wiggentech.com\/en\/"},{"@type":"ListItem","position":2,"name":"Request for quotation"}]},{"@type":"WebSite","@id":"https:\/\/www.wiggentech.com\/#website","url":"https:\/\/www.wiggentech.com\/","name":"Wiggentech GmbH","description":"","publisher":{"@id":"https:\/\/www.wiggentech.com\/#organization"},"potentialAction":[{"@type":"SearchAction","target":{"@type":"EntryPoint","urlTemplate":"https:\/\/www.wiggentech.com\/?s={search_term_string}"},"query-input":{"@type":"PropertyValueSpecification","valueRequired":true,"valueName":"search_term_string"}}],"inLanguage":"en-US"},{"@type":"Organization","@id":"https:\/\/www.wiggentech.com\/#organization","name":"Wiggentech GmbH","url":"https:\/\/www.wiggentech.com\/","logo":{"@type":"ImageObject","inLanguage":"en-US","@id":"https:\/\/www.wiggentech.com\/#\/schema\/logo\/image\/","url":"https:\/\/www.wiggentech.com\/wp-content\/uploads\/2022\/04\/Group-23.svg","contentUrl":"https:\/\/www.wiggentech.com\/wp-content\/uploads\/2022\/04\/Group-23.svg","width":232,"height":132,"caption":"Wiggentech GmbH"},"image":{"@id":"https:\/\/www.wiggentech.com\/#\/schema\/logo\/image\/"}}]}},"_links":{"self":[{"href":"https:\/\/www.wiggentech.com\/en\/wp-json\/wp\/v2\/pages\/10386","targetHints":{"allow":["GET"]}}],"collection":[{"href":"https:\/\/www.wiggentech.com\/en\/wp-json\/wp\/v2\/pages"}],"about":[{"href":"https:\/\/www.wiggentech.com\/en\/wp-json\/wp\/v2\/types\/page"}],"author":[{"embeddable":true,"href":"https:\/\/www.wiggentech.com\/en\/wp-json\/wp\/v2\/users\/1"}],"replies":[{"embeddable":true,"href":"https:\/\/www.wiggentech.com\/en\/wp-json\/wp\/v2\/comments?post=10386"}],"version-history":[{"count":19,"href":"https:\/\/www.wiggentech.com\/en\/wp-json\/wp\/v2\/pages\/10386\/revisions"}],"predecessor-version":[{"id":10750,"href":"https:\/\/www.wiggentech.com\/en\/wp-json\/wp\/v2\/pages\/10386\/revisions\/10750"}],"wp:attachment":[{"href":"https:\/\/www.wiggentech.com\/en\/wp-json\/wp\/v2\/media?parent=10386"}],"curies":[{"name":"wp","href":"https:\/\/api.w.org\/{rel}","templated":true}]}}